{"id":517,"date":"2021-07-16T09:32:48","date_gmt":"2021-07-16T07:32:48","guid":{"rendered":"http:\/\/www.cruiseadvance.de\/about-us\/"},"modified":"2025-10-16T09:54:21","modified_gmt":"2025-10-16T07:54:21","slug":"about-us","status":"publish","type":"page","link":"https:\/\/www.cruiseadvance.de\/en\/about-us\/","title":{"rendered":"About us"},"content":{"rendered":"<p>[et_pb_section fb_built=&#8221;1&#8243; _builder_version=&#8221;4.27.4&#8243; _module_preset=&#8221;default&#8221; background_color=&#8221;RGBA(255,255,255,0)&#8221; global_colors_info=&#8221;{}&#8221;][et_pb_row _builder_version=&#8221;4.16&#8243; _module_preset=&#8221;default&#8221; height=&#8221;100%&#8221; custom_margin=&#8221;auto||auto||false|false&#8221; global_colors_info=&#8221;{}&#8221;][et_pb_column type=&#8221;4_4&#8243; _builder_version=&#8221;4.16&#8243; _module_preset=&#8221;default&#8221; global_colors_info=&#8221;{}&#8221;][et_pb_text _builder_version=&#8221;4.27.4&#8243; _module_preset=&#8221;default&#8221; custom_padding=&#8221;||40px||false|false&#8221; global_colors_info=&#8221;{}&#8221;]<\/p>\n<h1>Our business activities<\/h1>\n<p>[\/et_pb_text][\/et_pb_column][\/et_pb_row][et_pb_row column_structure=&#8221;1_4,3_4&#8243; _builder_version=&#8221;4.16&#8243; _module_preset=&#8221;default&#8221; global_colors_info=&#8221;{}&#8221;][et_pb_column type=&#8221;1_4&#8243; _builder_version=&#8221;4.16&#8243; _module_preset=&#8221;default&#8221; global_colors_info=&#8221;{}&#8221;][et_pb_image src=&#8221;https:\/\/www.cruiseadvance.de\/wp-content\/uploads\/2021\/07\/Ueber-uns-157114568-scaled.jpg&#8221; title_text=&#8221;\u00dcber uns-157114568&#8243; _builder_version=&#8221;4.16&#8243; _module_preset=&#8221;default&#8221; global_colors_info=&#8221;{}&#8221;][\/et_pb_image][et_pb_text module_class=&#8221;submenu&#8221; _builder_version=&#8221;4.16&#8243; _module_preset=&#8221;default&#8221; global_colors_info=&#8221;{}&#8221;]<\/p>\n<ul>\n<li><a href=\"#profil\">Profile &amp; Contact<\/a><\/li>\n<li><a href=\"#referenzen\">References<\/a><\/li>\n<\/ul>\n<p>[\/et_pb_text][\/et_pb_column][et_pb_column type=&#8221;3_4&#8243; _builder_version=&#8221;4.16&#8243; _module_preset=&#8221;default&#8221; global_colors_info=&#8221;{}&#8221;][et_pb_text _builder_version=&#8221;4.27.4&#8243; _module_preset=&#8221;default&#8221; global_colors_info=&#8221;{}&#8221;]<\/p>\n<h2 style=\"text-align: justify;\">Make top quality your target!<\/h2>\n<p>Originally set up in 2004 by Jens Huhse in Berlin, today the brand Quality Advance focuses on quality management, product development and destination development in cruise industry, for hotels, gastronomy and touristic suppliers as airlines.<\/p>\n<p>Due to close contacts and good relations to cruise lines, ship owners and cruise operators, Cruise Advance GmbH is active as broker of charter capacities in river and ocean cruises for tour operators, travel agencies, incentive agencies (MICE) and company clients.<\/p>\n<p>In addition, Cruise Advance GmbH is acting as broker for ship sales in the river and ocean cruise branch.<\/p>\n<p>&nbsp;<\/p>\n<h3>Our Partner<\/h3>\n<p>In accordance with our clients and depending on each project we also involve or recommend external partners and specialists with different consulting knowledge and background.<\/p>\n<p>[\/et_pb_text][\/et_pb_column][\/et_pb_row][\/et_pb_section][et_pb_section fb_built=&#8221;1&#8243; module_id=&#8221;schiffskauf&#8221; _builder_version=&#8221;4.27.4&#8243; _module_preset=&#8221;default&#8221; background_color=&#8221;rgba(255,255,255,0.88)&#8221; background_enable_image=&#8221;off&#8221; custom_margin=&#8221;||||false|false&#8221; custom_padding=&#8221;||0px||false|false&#8221; global_colors_info=&#8221;{}&#8221;][et_pb_row use_custom_gutter=&#8221;on&#8221; gutter_width=&#8221;1&#8243; make_equal=&#8221;on&#8221; _builder_version=&#8221;4.27.4&#8243; _module_preset=&#8221;default&#8221; background_color=&#8221;RGBA(255,255,255,0)&#8221; custom_margin=&#8221;||30px||false|false&#8221; custom_padding=&#8221;0px||0px||false|false&#8221; global_colors_info=&#8221;{}&#8221;][et_pb_column type=&#8221;4_4&#8243; _builder_version=&#8221;4.27.4&#8243; _module_preset=&#8221;default&#8221; background_color=&#8221;RGBA(255,255,255,0)&#8221; custom_css_main_element=&#8221;margin: auto 0;&#8221; global_colors_info=&#8221;{}&#8221;][et_pb_text _builder_version=&#8221;4.27.4&#8243; _module_preset=&#8221;default&#8221; max_width_tablet=&#8221;&#8221; max_width_phone=&#8221;&#8221; max_width_last_edited=&#8221;on|desktop&#8221; custom_margin=&#8221;21px|||0px|false|false&#8221; custom_margin_tablet=&#8221;30px|||0px|false|false&#8221; custom_margin_phone=&#8221;30px||||false|false&#8221; custom_margin_last_edited=&#8221;on|desktop&#8221; custom_padding=&#8221;||||false|false&#8221; global_colors_info=&#8221;{}&#8221;]<\/p>\n<h2>Profile and work experience<\/h2>\n<p>[\/et_pb_text][\/et_pb_column][\/et_pb_row][et_pb_row column_structure=&#8221;1_4,3_4&#8243; _builder_version=&#8221;4.27.4&#8243; _module_preset=&#8221;default&#8221; module_alignment=&#8221;center&#8221; custom_margin=&#8221;||||false|false&#8221; global_colors_info=&#8221;{}&#8221;][et_pb_column type=&#8221;1_4&#8243; _builder_version=&#8221;4.27.4&#8243; _module_preset=&#8221;default&#8221; global_colors_info=&#8221;{}&#8221;][et_pb_image src=&#8221;https:\/\/cruise.bitskin.de\/wp-content\/uploads\/2021\/07\/1817_03.jpg&#8221; title_text=&#8221;1817_03&#8243; _builder_version=&#8221;4.27.4&#8243; _module_preset=&#8221;default&#8221; animation_style=&#8221;zoom&#8221; global_colors_info=&#8221;{}&#8221;][\/et_pb_image][\/et_pb_column][et_pb_column type=&#8221;3_4&#8243; _builder_version=&#8221;4.27.4&#8243; _module_preset=&#8221;default&#8221; global_colors_info=&#8221;{}&#8221;][et_pb_cta title=&#8221;Managing Director Jens Huhse&#8221; _builder_version=&#8221;4.27.4&#8243; _module_preset=&#8221;default&#8221; header_level=&#8221;h3&#8243; background_enable_color=&#8221;off&#8221; text_orientation=&#8221;justified&#8221; background_layout=&#8221;light&#8221; custom_margin=&#8221;||0px||false|false&#8221; custom_padding=&#8221;20px|30px|0px|30px|false|true&#8221; global_colors_info=&#8221;{}&#8221;]<\/p>\n<ul>\n<li>Vocational training Hotel Business<\/li>\n<li>Officially certified Diploma for Tourism<\/li>\n<li>former President of IG RiverCruise (Association of European River Cruise Lines)<\/li>\n<li>more than twenty years work experience within Cruise Lines, Tour Operators, Hotel Business and Airlines as e.g.\n<ul>\n<li>Seetours \/ AIDA Cruises<\/li>\n<li>Peter Deilmann Reederei<\/li>\n<li>Emirates, The International Airline of the UAE<\/li>\n<li>Sheraton Hotels, heute Starwood Hotels &amp; Resorts<\/li>\n<\/ul>\n<\/li>\n<li>in various positions in the fields of Operations, Sales and Marketing shore- and shipside as e.g.\n<ul>\n<li>Director River Cruises Operations<\/li>\n<li>Hotel Director<\/li>\n<li>Crew- und Hotel Purser<\/li>\n<li>Shore Excursion Manager<\/li>\n<li>Sales Excecutive<\/li>\n<\/ul>\n<\/li>\n<li>as well as within self-employment and in position for clients as:\n<ul>\n<li>Managing Director<\/li>\n<li>Director Cruise Projects<\/li>\n<\/ul>\n<\/li>\n<\/ul>\n<p>[\/et_pb_cta][\/et_pb_column][\/et_pb_row][\/et_pb_section][et_pb_section fb_built=&#8221;1&#8243; module_id=&#8221;referenzen&#8221; _builder_version=&#8221;4.27.4&#8243; _module_preset=&#8221;default&#8221; background_color=&#8221;rgba(255,255,255,0.88)&#8221; background_enable_image=&#8221;off&#8221; custom_margin=&#8221;||||false|false&#8221; custom_padding=&#8221;||0px||false|false&#8221; global_colors_info=&#8221;{}&#8221;][et_pb_row _builder_version=&#8221;4.16&#8243; _module_preset=&#8221;default&#8221; global_colors_info=&#8221;{}&#8221;][et_pb_column type=&#8221;4_4&#8243; _builder_version=&#8221;4.16&#8243; _module_preset=&#8221;default&#8221; global_colors_info=&#8221;{}&#8221;][et_pb_text _builder_version=&#8221;4.27.4&#8243; _module_preset=&#8221;default&#8221; header_2_text_align=&#8221;center&#8221; custom_padding=&#8221;1px|||||&#8221; hover_enabled=&#8221;0&#8243; global_colors_info=&#8221;{}&#8221; sticky_enabled=&#8221;0&#8243;]<\/p>\n<h2 style=\"text-align: left;\">References \/ Our Clients<\/h2>\n<p>[\/et_pb_text][\/et_pb_column][\/et_pb_row][\/et_pb_section][et_pb_section fb_built=&#8221;1&#8243; _builder_version=&#8221;4.27.4&#8243; _module_preset=&#8221;default&#8221; background_color=&#8221;rgba(255,255,255,0.88)&#8221; global_colors_info=&#8221;{}&#8221;][et_pb_row column_structure=&#8221;1_3,1_3,1_3&#8243; _builder_version=&#8221;4.27.4&#8243; _module_preset=&#8221;default&#8221; background_color=&#8221;RGBA(255,255,255,0)&#8221; custom_padding=&#8221;||50px||false|false&#8221; global_colors_info=&#8221;{}&#8221;][et_pb_column type=&#8221;1_3&#8243; _builder_version=&#8221;4.27.4&#8243; _module_preset=&#8221;default&#8221; global_colors_info=&#8221;{}&#8221;][et_pb_text _builder_version=&#8221;4.27.4&#8243; _module_preset=&#8221;default&#8221; header_4_text_align=&#8221;center&#8221; background_color=&#8221;rgba(255,255,255,0.88)&#8221; custom_margin=&#8221;||||false|false&#8221; custom_padding=&#8221;||||false|false&#8221; global_colors_info=&#8221;{}&#8221;]<\/p>\n<h4>TUI Deutschland (Hannover, Germany)<\/h4>\n<p>[\/et_pb_text][et_pb_image src=&#8221;https:\/\/www.cruiseadvance.de\/wp-content\/uploads\/2021\/07\/TUI-Deutschland.jpg&#8221; title_text=&#8221;TUI Deutschland&#8221; align=&#8221;center&#8221; _builder_version=&#8221;4.27.4&#8243; _module_preset=&#8221;default&#8221; background_color=&#8221;RGBA(255,255,255,0)&#8221; global_colors_info=&#8221;{}&#8221;][\/et_pb_image][\/et_pb_column][et_pb_column type=&#8221;1_3&#8243; _builder_version=&#8221;4.27.4&#8243; _module_preset=&#8221;default&#8221; global_colors_info=&#8221;{}&#8221;][et_pb_text _builder_version=&#8221;4.16&#8243; _module_preset=&#8221;default&#8221; header_4_text_align=&#8221;center&#8221; global_colors_info=&#8221;{}&#8221;]<\/p>\n<h4>Premicon AG (Munich, Germany)<\/h4>\n<p>[\/et_pb_text][et_pb_image src=&#8221;https:\/\/www.cruiseadvance.de\/wp-content\/uploads\/2021\/07\/Premicon-AG.gif&#8221; title_text=&#8221;Premicon AG&#8221; align=&#8221;center&#8221; _builder_version=&#8221;4.16&#8243; _module_preset=&#8221;default&#8221; global_colors_info=&#8221;{}&#8221;][\/et_pb_image][\/et_pb_column][et_pb_column type=&#8221;1_3&#8243; _builder_version=&#8221;4.27.4&#8243; _module_preset=&#8221;default&#8221; global_colors_info=&#8221;{}&#8221;][et_pb_text _builder_version=&#8221;4.16&#8243; _module_preset=&#8221;default&#8221; header_4_text_align=&#8221;center&#8221; global_colors_info=&#8221;{}&#8221;]<\/p>\n<h4>Uniworld (Basel, Switzerland)<\/h4>\n<p>[\/et_pb_text][et_pb_image src=&#8221;https:\/\/www.cruiseadvance.de\/wp-content\/uploads\/2021\/07\/Uniworld.png&#8221; title_text=&#8221;Uniworld&#8221; align=&#8221;center&#8221; _builder_version=&#8221;4.16&#8243; _module_preset=&#8221;default&#8221; global_colors_info=&#8221;{}&#8221;][\/et_pb_image][\/et_pb_column][\/et_pb_row][et_pb_row column_structure=&#8221;1_3,1_3,1_3&#8243; _builder_version=&#8221;4.27.4&#8243; _module_preset=&#8221;default&#8221; custom_padding=&#8221;||50px||false|false&#8221; global_colors_info=&#8221;{}&#8221;][et_pb_column type=&#8221;1_3&#8243; _builder_version=&#8221;4.27.4&#8243; _module_preset=&#8221;default&#8221; global_colors_info=&#8221;{}&#8221;][et_pb_text _builder_version=&#8221;4.16&#8243; _module_preset=&#8221;default&#8221; header_4_text_align=&#8221;center&#8221; global_colors_info=&#8221;{}&#8221;]<\/p>\n<h4>Lernidee Erlebnisreisen (Berlin, Germany)<\/h4>\n<p>[\/et_pb_text][et_pb_image src=&#8221;https:\/\/www.cruiseadvance.de\/wp-content\/uploads\/2021\/07\/Lernidee-Erlebnisreisen.png&#8221; title_text=&#8221;Lernidee Erlebnisreisen&#8221; align=&#8221;center&#8221; _builder_version=&#8221;4.27.4&#8243; _module_preset=&#8221;default&#8221; background_color=&#8221;rgba(255,255,255,0.88)&#8221; global_colors_info=&#8221;{}&#8221;][\/et_pb_image][\/et_pb_column][et_pb_column type=&#8221;1_3&#8243; _builder_version=&#8221;4.27.4&#8243; _module_preset=&#8221;default&#8221; global_colors_info=&#8221;{}&#8221;][et_pb_text _builder_version=&#8221;4.16&#8243; _module_preset=&#8221;default&#8221; header_4_text_align=&#8221;center&#8221; global_colors_info=&#8221;{}&#8221;]<\/p>\n<h4>KD Cruise Services (Limassol, Cyprus)<\/h4>\n<p>[\/et_pb_text][et_pb_image src=&#8221;https:\/\/www.cruiseadvance.de\/wp-content\/uploads\/2021\/07\/KD-Cruise-Service.jpg&#8221; title_text=&#8221;KD Cruise Service&#8221; align=&#8221;center&#8221; _builder_version=&#8221;4.16&#8243; _module_preset=&#8221;default&#8221; global_colors_info=&#8221;{}&#8221;][\/et_pb_image][\/et_pb_column][et_pb_column type=&#8221;1_3&#8243; _builder_version=&#8221;4.27.4&#8243; _module_preset=&#8221;default&#8221; global_colors_info=&#8221;{}&#8221;][et_pb_text _builder_version=&#8221;4.16&#8243; _module_preset=&#8221;default&#8221; header_4_text_align=&#8221;center&#8221; global_colors_info=&#8221;{}&#8221;]<\/p>\n<h4>Mekong River Cruises (Luang Prabang, Lao PDR)<\/h4>\n<p>[\/et_pb_text][et_pb_image src=&#8221;https:\/\/www.cruiseadvance.de\/wp-content\/uploads\/2021\/07\/Mekong-River-Cruises.jpg&#8221; title_text=&#8221;Mekong River Cruises&#8221; align=&#8221;center&#8221; _builder_version=&#8221;4.16&#8243; _module_preset=&#8221;default&#8221; global_colors_info=&#8221;{}&#8221;][\/et_pb_image][\/et_pb_column][\/et_pb_row][et_pb_row column_structure=&#8221;1_3,1_3,1_3&#8243; _builder_version=&#8221;4.27.4&#8243; _module_preset=&#8221;default&#8221; background_color=&#8221;RGBA(255,255,255,0)&#8221; custom_padding=&#8221;||50px||false|false&#8221; global_colors_info=&#8221;{}&#8221;][et_pb_column type=&#8221;1_3&#8243; _builder_version=&#8221;4.27.4&#8243; _module_preset=&#8221;default&#8221; global_colors_info=&#8221;{}&#8221;][et_pb_text _builder_version=&#8221;4.16&#8243; _module_preset=&#8221;default&#8221; header_4_text_align=&#8221;center&#8221; global_colors_info=&#8221;{}&#8221;]<\/p>\n<h4>TransOcean Kreuzfahrten (formerly Bremen, Germany)<\/h4>\n<p>[\/et_pb_text][et_pb_image src=&#8221;https:\/\/www.cruiseadvance.de\/wp-content\/uploads\/2021\/07\/TransOcean.png&#8221; title_text=&#8221;TransOcean&#8221; align=&#8221;center&#8221; _builder_version=&#8221;4.16&#8243; _module_preset=&#8221;default&#8221; global_colors_info=&#8221;{}&#8221;][\/et_pb_image][\/et_pb_column][et_pb_column type=&#8221;1_3&#8243; _builder_version=&#8221;4.27.4&#8243; _module_preset=&#8221;default&#8221; global_colors_info=&#8221;{}&#8221;][et_pb_text _builder_version=&#8221;4.16&#8243; _module_preset=&#8221;default&#8221; header_4_text_align=&#8221;center&#8221; global_colors_info=&#8221;{}&#8221;]<\/p>\n<h4>ReiseJung &#8211; Reiseb\u00fcro Bruchk\u00f6bel (Bruchk\u00f6bel, Germany)<\/h4>\n<p>[\/et_pb_text][et_pb_image src=&#8221;https:\/\/www.cruiseadvance.de\/wp-content\/uploads\/2021\/07\/Rsb.-Bruchkoebel.jpg&#8221; title_text=&#8221;Rsb. Bruchk\u00f6bel&#8221; align=&#8221;center&#8221; _builder_version=&#8221;4.16&#8243; _module_preset=&#8221;default&#8221; width=&#8221;50%&#8221; max_width=&#8221;100%&#8221; global_colors_info=&#8221;{}&#8221;][\/et_pb_image][\/et_pb_column][et_pb_column type=&#8221;1_3&#8243; _builder_version=&#8221;4.27.4&#8243; _module_preset=&#8221;default&#8221; global_colors_info=&#8221;{}&#8221;][\/et_pb_column][\/et_pb_row][\/et_pb_section]<\/p>\n","protected":false},"excerpt":{"rendered":"<p>Our business activities Profile &amp; Contact References Make top quality your target! Originally set up in 2004 by Jens Huhse in Berlin, today the brand Quality Advance focuses on quality management, product development and destination development in cruise industry, for hotels, gastronomy and touristic suppliers as airlines. Due to close contacts and good relations to [&hellip;]<\/p>\n","protected":false},"author":1,"featured_media":0,"parent":0,"menu_order":5,"comment_status":"closed","ping_status":"closed","template":"","meta":{"_et_pb_use_builder":"on","_et_pb_old_content":"","_et_gb_content_width":"","footnotes":""},"class_list":["post-517","page","type-page","status-publish","hentry"],"yoast_head":"<!-- This site is optimized with the Yoast SEO plugin v27.4 - https:\/\/yoast.com\/product\/yoast-seo-wordpress\/ -->\n<title>About us - CruiseAdvance<\/title>\n<meta name=\"robots\" content=\"index, follow, max-snippet:-1, max-image-preview:large, max-video-preview:-1\" \/>\n<link rel=\"canonical\" href=\"https:\/\/www.cruiseadvance.de\/ueber-uns\/\" \/>\n<meta property=\"og:locale\" content=\"en_US\" \/>\n<meta property=\"og:type\" content=\"article\" \/>\n<meta property=\"og:title\" content=\"About us - CruiseAdvance\" \/>\n<meta property=\"og:description\" content=\"Our business activities Profile &amp; Contact References Make top quality your target! Originally set up in 2004 by Jens Huhse in Berlin, today the brand Quality Advance focuses on quality management, product development and destination development in cruise industry, for hotels, gastronomy and touristic suppliers as airlines. Due to close contacts and good relations to [&hellip;]\" \/>\n<meta property=\"og:url\" content=\"https:\/\/www.cruiseadvance.de\/ueber-uns\/\" \/>\n<meta property=\"og:site_name\" content=\"CruiseAdvance\" \/>\n<meta property=\"article:publisher\" content=\"https:\/\/www.facebook.com\/Cruise-Advance-GmbH-594885270704842\/\" \/>\n<meta property=\"article:modified_time\" content=\"2025-10-16T07:54:21+00:00\" \/>\n<meta name=\"twitter:card\" content=\"summary_large_image\" \/>\n<meta name=\"twitter:label1\" content=\"Est. reading time\" \/>\n\t<meta name=\"twitter:data1\" content=\"7 minutes\" \/>\n<script type=\"application\/ld+json\" class=\"yoast-schema-graph\">{\"@context\":\"https:\\\/\\\/schema.org\",\"@graph\":[{\"@type\":\"WebPage\",\"@id\":\"https:\\\/\\\/www.cruiseadvance.de\\\/ueber-uns\\\/\",\"url\":\"https:\\\/\\\/www.cruiseadvance.de\\\/ueber-uns\\\/\",\"name\":\"About us - CruiseAdvance\",\"isPartOf\":{\"@id\":\"https:\\\/\\\/www.cruiseadvance.de\\\/#website\"},\"datePublished\":\"2021-07-16T07:32:48+00:00\",\"dateModified\":\"2025-10-16T07:54:21+00:00\",\"breadcrumb\":{\"@id\":\"https:\\\/\\\/www.cruiseadvance.de\\\/ueber-uns\\\/#breadcrumb\"},\"inLanguage\":\"en-US\",\"potentialAction\":[{\"@type\":\"ReadAction\",\"target\":[\"https:\\\/\\\/www.cruiseadvance.de\\\/ueber-uns\\\/\"]}]},{\"@type\":\"BreadcrumbList\",\"@id\":\"https:\\\/\\\/www.cruiseadvance.de\\\/ueber-uns\\\/#breadcrumb\",\"itemListElement\":[{\"@type\":\"ListItem\",\"position\":1,\"name\":\"Startseite\",\"item\":\"https:\\\/\\\/www.cruiseadvance.de\\\/en\\\/\"},{\"@type\":\"ListItem\",\"position\":2,\"name\":\"About us\"}]},{\"@type\":\"WebSite\",\"@id\":\"https:\\\/\\\/www.cruiseadvance.de\\\/#website\",\"url\":\"https:\\\/\\\/www.cruiseadvance.de\\\/\",\"name\":\"CruiseAdvance\",\"description\":\"Cruise Charter - Ship Broker - Consulting\",\"publisher\":{\"@id\":\"https:\\\/\\\/www.cruiseadvance.de\\\/#organization\"},\"potentialAction\":[{\"@type\":\"SearchAction\",\"target\":{\"@type\":\"EntryPoint\",\"urlTemplate\":\"https:\\\/\\\/www.cruiseadvance.de\\\/?s={search_term_string}\"},\"query-input\":{\"@type\":\"PropertyValueSpecification\",\"valueRequired\":true,\"valueName\":\"search_term_string\"}}],\"inLanguage\":\"en-US\"},{\"@type\":\"Organization\",\"@id\":\"https:\\\/\\\/www.cruiseadvance.de\\\/#organization\",\"name\":\"Cruise Advance GmbH\",\"url\":\"https:\\\/\\\/www.cruiseadvance.de\\\/\",\"logo\":{\"@type\":\"ImageObject\",\"inLanguage\":\"en-US\",\"@id\":\"https:\\\/\\\/www.cruiseadvance.de\\\/#\\\/schema\\\/logo\\\/image\\\/\",\"url\":\"https:\\\/\\\/www.cruiseadvance.de\\\/wp-content\\\/uploads\\\/2021\\\/08\\\/Logo-Cruise-Advance-2020_ZW_RZ-scaled.jpg\",\"contentUrl\":\"https:\\\/\\\/www.cruiseadvance.de\\\/wp-content\\\/uploads\\\/2021\\\/08\\\/Logo-Cruise-Advance-2020_ZW_RZ-scaled.jpg\",\"width\":2560,\"height\":446,\"caption\":\"Cruise Advance GmbH\"},\"image\":{\"@id\":\"https:\\\/\\\/www.cruiseadvance.de\\\/#\\\/schema\\\/logo\\\/image\\\/\"},\"sameAs\":[\"https:\\\/\\\/www.facebook.com\\\/Cruise-Advance-GmbH-594885270704842\\\/\"]}]}<\/script>\n<!-- \/ Yoast SEO plugin. -->","yoast_head_json":{"title":"About us - CruiseAdvance","robots":{"index":"index","follow":"follow","max-snippet":"max-snippet:-1","max-image-preview":"max-image-preview:large","max-video-preview":"max-video-preview:-1"},"canonical":"https:\/\/www.cruiseadvance.de\/ueber-uns\/","og_locale":"en_US","og_type":"article","og_title":"About us - CruiseAdvance","og_description":"Our business activities Profile &amp; Contact References Make top quality your target! Originally set up in 2004 by Jens Huhse in Berlin, today the brand Quality Advance focuses on quality management, product development and destination development in cruise industry, for hotels, gastronomy and touristic suppliers as airlines. Due to close contacts and good relations to [&hellip;]","og_url":"https:\/\/www.cruiseadvance.de\/ueber-uns\/","og_site_name":"CruiseAdvance","article_publisher":"https:\/\/www.facebook.com\/Cruise-Advance-GmbH-594885270704842\/","article_modified_time":"2025-10-16T07:54:21+00:00","twitter_card":"summary_large_image","twitter_misc":{"Est. reading time":"7 minutes"},"schema":{"@context":"https:\/\/schema.org","@graph":[{"@type":"WebPage","@id":"https:\/\/www.cruiseadvance.de\/ueber-uns\/","url":"https:\/\/www.cruiseadvance.de\/ueber-uns\/","name":"About us - CruiseAdvance","isPartOf":{"@id":"https:\/\/www.cruiseadvance.de\/#website"},"datePublished":"2021-07-16T07:32:48+00:00","dateModified":"2025-10-16T07:54:21+00:00","breadcrumb":{"@id":"https:\/\/www.cruiseadvance.de\/ueber-uns\/#breadcrumb"},"inLanguage":"en-US","potentialAction":[{"@type":"ReadAction","target":["https:\/\/www.cruiseadvance.de\/ueber-uns\/"]}]},{"@type":"BreadcrumbList","@id":"https:\/\/www.cruiseadvance.de\/ueber-uns\/#breadcrumb","itemListElement":[{"@type":"ListItem","position":1,"name":"Startseite","item":"https:\/\/www.cruiseadvance.de\/en\/"},{"@type":"ListItem","position":2,"name":"About us"}]},{"@type":"WebSite","@id":"https:\/\/www.cruiseadvance.de\/#website","url":"https:\/\/www.cruiseadvance.de\/","name":"CruiseAdvance","description":"Cruise Charter - Ship Broker - Consulting","publisher":{"@id":"https:\/\/www.cruiseadvance.de\/#organization"},"potentialAction":[{"@type":"SearchAction","target":{"@type":"EntryPoint","urlTemplate":"https:\/\/www.cruiseadvance.de\/?s={search_term_string}"},"query-input":{"@type":"PropertyValueSpecification","valueRequired":true,"valueName":"search_term_string"}}],"inLanguage":"en-US"},{"@type":"Organization","@id":"https:\/\/www.cruiseadvance.de\/#organization","name":"Cruise Advance GmbH","url":"https:\/\/www.cruiseadvance.de\/","logo":{"@type":"ImageObject","inLanguage":"en-US","@id":"https:\/\/www.cruiseadvance.de\/#\/schema\/logo\/image\/","url":"https:\/\/www.cruiseadvance.de\/wp-content\/uploads\/2021\/08\/Logo-Cruise-Advance-2020_ZW_RZ-scaled.jpg","contentUrl":"https:\/\/www.cruiseadvance.de\/wp-content\/uploads\/2021\/08\/Logo-Cruise-Advance-2020_ZW_RZ-scaled.jpg","width":2560,"height":446,"caption":"Cruise Advance GmbH"},"image":{"@id":"https:\/\/www.cruiseadvance.de\/#\/schema\/logo\/image\/"},"sameAs":["https:\/\/www.facebook.com\/Cruise-Advance-GmbH-594885270704842\/"]}]}},"_links":{"self":[{"href":"https:\/\/www.cruiseadvance.de\/en\/wp-json\/wp\/v2\/pages\/517","targetHints":{"allow":["GET"]}}],"collection":[{"href":"https:\/\/www.cruiseadvance.de\/en\/wp-json\/wp\/v2\/pages"}],"about":[{"href":"https:\/\/www.cruiseadvance.de\/en\/wp-json\/wp\/v2\/types\/page"}],"author":[{"embeddable":true,"href":"https:\/\/www.cruiseadvance.de\/en\/wp-json\/wp\/v2\/users\/1"}],"replies":[{"embeddable":true,"href":"https:\/\/www.cruiseadvance.de\/en\/wp-json\/wp\/v2\/comments?post=517"}],"version-history":[{"count":24,"href":"https:\/\/www.cruiseadvance.de\/en\/wp-json\/wp\/v2\/pages\/517\/revisions"}],"predecessor-version":[{"id":863,"href":"https:\/\/www.cruiseadvance.de\/en\/wp-json\/wp\/v2\/pages\/517\/revisions\/863"}],"wp:attachment":[{"href":"https:\/\/www.cruiseadvance.de\/en\/wp-json\/wp\/v2\/media?parent=517"}],"curies":[{"name":"wp","href":"https:\/\/api.w.org\/{rel}","templated":true}]}}