{"id":63,"date":"2021-06-23T08:38:52","date_gmt":"2021-06-23T06:38:52","guid":{"rendered":"http:\/\/www.cruiseadvance.de\/?page_id=63"},"modified":"2025-08-12T12:41:54","modified_gmt":"2025-08-12T10:41:54","slug":"impressum","status":"publish","type":"page","link":"https:\/\/www.cruiseadvance.de\/en\/impressum\/","title":{"rendered":"Impressum"},"content":{"rendered":"<p>[et_pb_section fb_built=&#8221;1&#8243; _builder_version=&#8221;4.27.4&#8243; _module_preset=&#8221;default&#8221; background_color=&#8221;RGBA(255,255,255,0)&#8221; background_enable_image=&#8221;off&#8221; global_colors_info=&#8221;{}&#8221;][et_pb_row _builder_version=&#8221;4.27.4&#8243; _module_preset=&#8221;default&#8221; height=&#8221;100%&#8221; custom_margin=&#8221;auto||auto||false|false&#8221; global_colors_info=&#8221;{}&#8221;][et_pb_column type=&#8221;4_4&#8243; _builder_version=&#8221;4.16&#8243; _module_preset=&#8221;default&#8221; global_colors_info=&#8221;{}&#8221;][et_pb_text _builder_version=&#8221;4.27.4&#8243; _module_preset=&#8221;default&#8221; header_text_color=&#8221;#000000&#8243; hover_enabled=&#8221;0&#8243; global_colors_info=&#8221;{}&#8221; sticky_enabled=&#8221;0&#8243;]<\/p>\n<h1 class=\"csc-firstHeader\" style=\"text-align: center;\">Impressum &amp; AGB<\/h1>\n<p>[\/et_pb_text][\/et_pb_column][\/et_pb_row][\/et_pb_section][et_pb_section fb_built=&#8221;1&#8243; _builder_version=&#8221;4.27.4&#8243; _module_preset=&#8221;default&#8221; background_color=&#8221;RGBA(255,255,255,0)&#8221; global_colors_info=&#8221;{}&#8221;][et_pb_row _builder_version=&#8221;4.16&#8243; _module_preset=&#8221;default&#8221; global_colors_info=&#8221;{}&#8221;][et_pb_column type=&#8221;4_4&#8243; _builder_version=&#8221;4.16&#8243; _module_preset=&#8221;default&#8221; global_colors_info=&#8221;{}&#8221;][et_pb_text _builder_version=&#8221;4.16&#8243; _module_preset=&#8221;default&#8221; global_colors_info=&#8221;{}&#8221;]<\/p>\n<p>Quality Advance &#8211; eine Marke der<br \/>Cruise Advance GmbH<br \/>Hoffbauerpfad 9<br \/>D-14165 Berlin<\/p>\n<p>inhaltlich Verantwortlicher: Jens Huhse<br \/>Telefon: +49-30-265 582 70<br \/>e-mail: info(at)cruiseadvance.de<br \/>USt.-ID: DE 288 81 92 90<br \/>Handelsregister: HRB Berlin-Charlottenburg Nr. 182757 B<br \/>Gesch\u00e4ftsf\u00fchrer: Jens Huhse<\/p>\n<h2><\/h2>\n<h2>Haftungsausschluss<\/h2>\n<p>F\u00fcr Informationen, Daten und deren Aktualit\u00e4t auf dieser Homepage \u00fcbernimmt Cruise Advance keine Haftung. Dies gilt insbesondere f\u00fcr bereitgestellte Links zu Dritten Firmen und Organisationen. F\u00fcr die Inhalte dieser Homepages ist Cruise Advance nicht verantwortlich, f\u00fcr die Vollst\u00e4ndigkeit und Richtigkeit der Angaben \u00fcbernimmt Cruise Advance keine Gew\u00e4hr.<\/p>\n<p>Ein Haftungsanspruch gegen Cruise Advance und den Autor dieser Seite aufgrund der Nutzung von Informationen und Daten dieser Seite wird ausgeschlossen.<\/p>\n<p>Alle auf dieser Seite verwendeten Inhalte, Logos, Schriftz\u00fcge, Texte und Bilder unterliegen dem Urheberrecht und sind jeweils Eigentum der verschiedenen Firmen, welche die Nutzung auf dieser Website zugesagt haben.<\/p>\n<p>Eine Vervielf\u00e4ltigung oder Verwendung jeglicher Inhalte, Logos, Schriftz\u00fcge, Texte und Bilder sind ohne die vorherige Zustimmung des Urhebers verboten und unzul\u00e4ssig.<\/p>\n<h2><\/h2>\n<h2><\/h2>\n<h2>Allgemeine Gesch\u00e4ftsbedingungen<\/h2>\n<p>Cruise Advance GmbH<br \/>Bereich Qualit\u00e4tsmanagement<br \/>Hoffbauerpfad 9<br \/>D-14165 Berlin<\/p>\n<p>(im folgenden Auftragnehmer genannt)<\/p>\n<p>1. Leistungsumfang<\/p>\n<p>Leistungsumfang und Art der Erbringung der Leistung werden im Beratungs- und Dienstleistungsvertrag gesondert geregelt. Vertragsgegenstand ist die jeweils schriftlich oder m\u00fcndlich vereinbarte Leistung laut Beratungs- und Dienstleistungsvertrag, nicht jedoch ein wirtschaftlicher Erfolg.<\/p>\n<p>2. Vertragspartner<\/p>\n<p>Der Auftragnehmer ist immer nur f\u00fcr den Auftraggeber vermittelnd t\u00e4tig, erstellt Kontakte zu Leistungstr\u00e4gern, gibt Empfehlungen, erstellt Berichte oder arbeitet vertragliche Konditionen mit Dritten aus, wird dadurch jedoch in keinem Falle selbst Vertragspartner.<\/p>\n<p>Der Auftragnehmer handelt als au\u00dfen stehender Berater und Dienstleister auf Weisung des Auftraggebers und ist in keiner Weise in die feste Personalstruktur laut Organigramm des Auftraggebers eingegliedert. Der Auftragnehmer handelt bei allen T\u00e4tigkeiten jeweils nur im Auftrag des Auftraggebers.<\/p>\n<p>Ein Vertragsverh\u00e4ltnis besteht ausschlie\u00dflich aufgrund des Beratungs- und Dienstleistungsvertrages zwischen dem Auftragnehmer und Auftraggeber, welche durch die Inhalte des Vertrages in ihrem Handeln bestimmt werden.<\/p>\n<p>3. Gew\u00e4hrleistung<\/p>\n<p>Der Auftragnehmer \u00fcbernimmt keinerlei Risiko, Gew\u00e4hrleistung oder Verpflichtung aus den jeweils vermittelten Kontakten, Empfehlungen, Berichten oder ausgearbeiteten vertraglichen Konditionen.<\/p>\n<p>Die weitere Abwicklung von Gesch\u00e4ftsbeziehungen nach einer Vermittlung durch den Auftragnehmer basiert ausschlie\u00dflich zwischen und auf den jeweils rechtlichen Grundlagen von Auftraggeber und drittem Vertragspartner.<\/p>\n<p>4. Zahlungsverkehr<\/p>\n<p>Jeglicher Zahlungsverkehr, welcher auf den vermittelten Kontakten oder ausgearbeiteten vertraglichen Konditionen mit dem Auftraggeber resultiert, verl\u00e4uft ausschlie\u00dflich zwischen Auftraggeber und dem jeweiligen Dritten.<\/p>\n<p>5. Schweigepflicht<\/p>\n<p>Der Auftragnehmer ist verpflichtet, \u00fcber alle Informationen, die ihm im Zusammenhang mit seiner T\u00e4tigkeit f\u00fcr den Auftraggeber bekannt werden, Stillschweigen zu bewahren, gleichg\u00fcltig, ob es sich dabei um den Auftraggeber selbst oder dessen Gesch\u00e4ftsverbindungen handelt, es sei denn, dass der Auftraggeber ihn von dieser Schweigepflicht entbindet.<\/p>\n<p>6. Datenschutz<\/p>\n<p>Namen, Adressen, Fax- und Telefonnummern, e-mail-Adressen und weitere im Rahmen des Auftrages ben\u00f6tigter Daten werden unter Beachtung datenschutzrechtlicher Bestimmungen gespeichert.<\/p>\n<p>7. Schlussklausel<\/p>\n<p>Sind oder werden einzelne Bestimmungen dieser AGB unwirksam, so wird dadurch die G\u00fcltigkeit der \u00fcbrigen Bestimmungen nicht ber\u00fchrt. Die Vertragspartner werden in diesem Fall die ung\u00fcltige Bestimmung durch eine andere ersetzen, die dem wirtschaftlichen Zweck der weggefallenen Regelung in zul\u00e4ssiger Weise am n\u00e4chsten kommt. Gleiches gilt f\u00fcr die \u00c4nderung dieser Klausel.<\/p>\n<p>8. Gerichtsstand<\/p>\n<p>Gerichtsstand ist Berlin.<\/p>\n<p>[\/et_pb_text][\/et_pb_column][\/et_pb_row][\/et_pb_section]<\/p>\n","protected":false},"excerpt":{"rendered":"<p>Impressum &amp; AGBQuality Advance &#8211; eine Marke derCruise Advance GmbHHoffbauerpfad 9D-14165 Berlin inhaltlich Verantwortlicher: Jens HuhseTelefon: +49-30-265 582 70e-mail: info(at)cruiseadvance.deUSt.-ID: DE 288 81 92 90Handelsregister: HRB Berlin-Charlottenburg Nr. 182757 BGesch\u00e4ftsf\u00fchrer: Jens Huhse Haftungsausschluss F\u00fcr Informationen, Daten und deren Aktualit\u00e4t auf dieser Homepage \u00fcbernimmt Cruise Advance keine Haftung. Dies gilt insbesondere f\u00fcr bereitgestellte Links zu Dritten [&hellip;]<\/p>\n","protected":false},"author":1,"featured_media":0,"parent":0,"menu_order":99,"comment_status":"closed","ping_status":"closed","template":"","meta":{"_et_pb_use_builder":"on","_et_pb_old_content":"<!-- wp:divi\/placeholder \/-->","_et_gb_content_width":"","footnotes":""},"class_list":["post-63","page","type-page","status-publish","hentry"],"yoast_head":"<!-- This site is optimized with the Yoast SEO plugin v27.4 - https:\/\/yoast.com\/product\/yoast-seo-wordpress\/ -->\n<title>Impressum - CruiseAdvance<\/title>\n<meta name=\"robots\" content=\"index, follow, max-snippet:-1, max-image-preview:large, max-video-preview:-1\" \/>\n<link rel=\"canonical\" href=\"https:\/\/www.cruiseadvance.de\/impressum\/\" \/>\n<meta property=\"og:locale\" content=\"en_US\" \/>\n<meta property=\"og:type\" content=\"article\" \/>\n<meta property=\"og:title\" content=\"Impressum - CruiseAdvance\" \/>\n<meta property=\"og:description\" content=\"Impressum &amp; AGBQuality Advance - eine Marke derCruise Advance GmbHHoffbauerpfad 9D-14165 Berlin inhaltlich Verantwortlicher: Jens HuhseTelefon: +49-30-265 582 70e-mail: info(at)cruiseadvance.deUSt.-ID: DE 288 81 92 90Handelsregister: HRB Berlin-Charlottenburg Nr. 182757 BGesch\u00e4ftsf\u00fchrer: Jens Huhse Haftungsausschluss F\u00fcr Informationen, Daten und deren Aktualit\u00e4t auf dieser Homepage \u00fcbernimmt Cruise Advance keine Haftung. Dies gilt insbesondere f\u00fcr bereitgestellte Links zu Dritten [&hellip;]\" \/>\n<meta property=\"og:url\" content=\"https:\/\/www.cruiseadvance.de\/impressum\/\" \/>\n<meta property=\"og:site_name\" content=\"CruiseAdvance\" \/>\n<meta property=\"article:publisher\" content=\"https:\/\/www.facebook.com\/Cruise-Advance-GmbH-594885270704842\/\" \/>\n<meta property=\"article:modified_time\" content=\"2025-08-12T10:41:54+00:00\" \/>\n<meta name=\"twitter:card\" content=\"summary_large_image\" \/>\n<meta name=\"twitter:label1\" content=\"Est. reading time\" \/>\n\t<meta name=\"twitter:data1\" content=\"3 minutes\" \/>\n<script type=\"application\/ld+json\" class=\"yoast-schema-graph\">{\"@context\":\"https:\\\/\\\/schema.org\",\"@graph\":[{\"@type\":\"WebPage\",\"@id\":\"https:\\\/\\\/www.cruiseadvance.de\\\/impressum\\\/\",\"url\":\"https:\\\/\\\/www.cruiseadvance.de\\\/impressum\\\/\",\"name\":\"Impressum - CruiseAdvance\",\"isPartOf\":{\"@id\":\"https:\\\/\\\/www.cruiseadvance.de\\\/#website\"},\"datePublished\":\"2021-06-23T06:38:52+00:00\",\"dateModified\":\"2025-08-12T10:41:54+00:00\",\"breadcrumb\":{\"@id\":\"https:\\\/\\\/www.cruiseadvance.de\\\/impressum\\\/#breadcrumb\"},\"inLanguage\":\"en-US\",\"potentialAction\":[{\"@type\":\"ReadAction\",\"target\":[\"https:\\\/\\\/www.cruiseadvance.de\\\/impressum\\\/\"]}]},{\"@type\":\"BreadcrumbList\",\"@id\":\"https:\\\/\\\/www.cruiseadvance.de\\\/impressum\\\/#breadcrumb\",\"itemListElement\":[{\"@type\":\"ListItem\",\"position\":1,\"name\":\"Startseite\",\"item\":\"https:\\\/\\\/www.cruiseadvance.de\\\/en\\\/\"},{\"@type\":\"ListItem\",\"position\":2,\"name\":\"Impressum\"}]},{\"@type\":\"WebSite\",\"@id\":\"https:\\\/\\\/www.cruiseadvance.de\\\/#website\",\"url\":\"https:\\\/\\\/www.cruiseadvance.de\\\/\",\"name\":\"CruiseAdvance\",\"description\":\"Cruise Charter - Ship Broker - Consulting\",\"publisher\":{\"@id\":\"https:\\\/\\\/www.cruiseadvance.de\\\/#organization\"},\"potentialAction\":[{\"@type\":\"SearchAction\",\"target\":{\"@type\":\"EntryPoint\",\"urlTemplate\":\"https:\\\/\\\/www.cruiseadvance.de\\\/?s={search_term_string}\"},\"query-input\":{\"@type\":\"PropertyValueSpecification\",\"valueRequired\":true,\"valueName\":\"search_term_string\"}}],\"inLanguage\":\"en-US\"},{\"@type\":\"Organization\",\"@id\":\"https:\\\/\\\/www.cruiseadvance.de\\\/#organization\",\"name\":\"Cruise Advance GmbH\",\"url\":\"https:\\\/\\\/www.cruiseadvance.de\\\/\",\"logo\":{\"@type\":\"ImageObject\",\"inLanguage\":\"en-US\",\"@id\":\"https:\\\/\\\/www.cruiseadvance.de\\\/#\\\/schema\\\/logo\\\/image\\\/\",\"url\":\"https:\\\/\\\/www.cruiseadvance.de\\\/wp-content\\\/uploads\\\/2021\\\/08\\\/Logo-Cruise-Advance-2020_ZW_RZ-scaled.jpg\",\"contentUrl\":\"https:\\\/\\\/www.cruiseadvance.de\\\/wp-content\\\/uploads\\\/2021\\\/08\\\/Logo-Cruise-Advance-2020_ZW_RZ-scaled.jpg\",\"width\":2560,\"height\":446,\"caption\":\"Cruise Advance GmbH\"},\"image\":{\"@id\":\"https:\\\/\\\/www.cruiseadvance.de\\\/#\\\/schema\\\/logo\\\/image\\\/\"},\"sameAs\":[\"https:\\\/\\\/www.facebook.com\\\/Cruise-Advance-GmbH-594885270704842\\\/\"]}]}<\/script>\n<!-- \/ Yoast SEO plugin. -->","yoast_head_json":{"title":"Impressum - CruiseAdvance","robots":{"index":"index","follow":"follow","max-snippet":"max-snippet:-1","max-image-preview":"max-image-preview:large","max-video-preview":"max-video-preview:-1"},"canonical":"https:\/\/www.cruiseadvance.de\/impressum\/","og_locale":"en_US","og_type":"article","og_title":"Impressum - CruiseAdvance","og_description":"Impressum &amp; AGBQuality Advance - eine Marke derCruise Advance GmbHHoffbauerpfad 9D-14165 Berlin inhaltlich Verantwortlicher: Jens HuhseTelefon: +49-30-265 582 70e-mail: info(at)cruiseadvance.deUSt.-ID: DE 288 81 92 90Handelsregister: HRB Berlin-Charlottenburg Nr. 182757 BGesch\u00e4ftsf\u00fchrer: Jens Huhse Haftungsausschluss F\u00fcr Informationen, Daten und deren Aktualit\u00e4t auf dieser Homepage \u00fcbernimmt Cruise Advance keine Haftung. Dies gilt insbesondere f\u00fcr bereitgestellte Links zu Dritten [&hellip;]","og_url":"https:\/\/www.cruiseadvance.de\/impressum\/","og_site_name":"CruiseAdvance","article_publisher":"https:\/\/www.facebook.com\/Cruise-Advance-GmbH-594885270704842\/","article_modified_time":"2025-08-12T10:41:54+00:00","twitter_card":"summary_large_image","twitter_misc":{"Est. reading time":"3 minutes"},"schema":{"@context":"https:\/\/schema.org","@graph":[{"@type":"WebPage","@id":"https:\/\/www.cruiseadvance.de\/impressum\/","url":"https:\/\/www.cruiseadvance.de\/impressum\/","name":"Impressum - CruiseAdvance","isPartOf":{"@id":"https:\/\/www.cruiseadvance.de\/#website"},"datePublished":"2021-06-23T06:38:52+00:00","dateModified":"2025-08-12T10:41:54+00:00","breadcrumb":{"@id":"https:\/\/www.cruiseadvance.de\/impressum\/#breadcrumb"},"inLanguage":"en-US","potentialAction":[{"@type":"ReadAction","target":["https:\/\/www.cruiseadvance.de\/impressum\/"]}]},{"@type":"BreadcrumbList","@id":"https:\/\/www.cruiseadvance.de\/impressum\/#breadcrumb","itemListElement":[{"@type":"ListItem","position":1,"name":"Startseite","item":"https:\/\/www.cruiseadvance.de\/en\/"},{"@type":"ListItem","position":2,"name":"Impressum"}]},{"@type":"WebSite","@id":"https:\/\/www.cruiseadvance.de\/#website","url":"https:\/\/www.cruiseadvance.de\/","name":"CruiseAdvance","description":"Cruise Charter - Ship Broker - Consulting","publisher":{"@id":"https:\/\/www.cruiseadvance.de\/#organization"},"potentialAction":[{"@type":"SearchAction","target":{"@type":"EntryPoint","urlTemplate":"https:\/\/www.cruiseadvance.de\/?s={search_term_string}"},"query-input":{"@type":"PropertyValueSpecification","valueRequired":true,"valueName":"search_term_string"}}],"inLanguage":"en-US"},{"@type":"Organization","@id":"https:\/\/www.cruiseadvance.de\/#organization","name":"Cruise Advance GmbH","url":"https:\/\/www.cruiseadvance.de\/","logo":{"@type":"ImageObject","inLanguage":"en-US","@id":"https:\/\/www.cruiseadvance.de\/#\/schema\/logo\/image\/","url":"https:\/\/www.cruiseadvance.de\/wp-content\/uploads\/2021\/08\/Logo-Cruise-Advance-2020_ZW_RZ-scaled.jpg","contentUrl":"https:\/\/www.cruiseadvance.de\/wp-content\/uploads\/2021\/08\/Logo-Cruise-Advance-2020_ZW_RZ-scaled.jpg","width":2560,"height":446,"caption":"Cruise Advance GmbH"},"image":{"@id":"https:\/\/www.cruiseadvance.de\/#\/schema\/logo\/image\/"},"sameAs":["https:\/\/www.facebook.com\/Cruise-Advance-GmbH-594885270704842\/"]}]}},"_links":{"self":[{"href":"https:\/\/www.cruiseadvance.de\/en\/wp-json\/wp\/v2\/pages\/63","targetHints":{"allow":["GET"]}}],"collection":[{"href":"https:\/\/www.cruiseadvance.de\/en\/wp-json\/wp\/v2\/pages"}],"about":[{"href":"https:\/\/www.cruiseadvance.de\/en\/wp-json\/wp\/v2\/types\/page"}],"author":[{"embeddable":true,"href":"https:\/\/www.cruiseadvance.de\/en\/wp-json\/wp\/v2\/users\/1"}],"replies":[{"embeddable":true,"href":"https:\/\/www.cruiseadvance.de\/en\/wp-json\/wp\/v2\/comments?post=63"}],"version-history":[{"count":7,"href":"https:\/\/www.cruiseadvance.de\/en\/wp-json\/wp\/v2\/pages\/63\/revisions"}],"predecessor-version":[{"id":726,"href":"https:\/\/www.cruiseadvance.de\/en\/wp-json\/wp\/v2\/pages\/63\/revisions\/726"}],"wp:attachment":[{"href":"https:\/\/www.cruiseadvance.de\/en\/wp-json\/wp\/v2\/media?parent=63"}],"curies":[{"name":"wp","href":"https:\/\/api.w.org\/{rel}","templated":true}]}}